{"id":2758,"date":"2025-10-08T19:05:12","date_gmt":"2025-10-08T19:05:12","guid":{"rendered":"https:\/\/ototrim.com.tr\/?page_id=2758"},"modified":"2025-12-01T07:31:22","modified_gmt":"2025-12-01T07:31:22","slug":"yonetim-taahhutu","status":"publish","type":"page","link":"https:\/\/ototrim.com.tr\/index.php\/yonetim-taahhutu\/","title":{"rendered":"Y\u00f6netim Taahh\u00fct\u00fc"},"content":{"rendered":"","protected":false},"excerpt":{"rendered":"","protected":false},"author":1,"featured_media":0,"parent":0,"menu_order":0,"comment_status":"closed","ping_status":"closed","template":"","meta":{"footnotes":""},"class_list":["post-2758","page","type-page","status-publish","hentry"],"_links":{"self":[{"href":"https:\/\/ototrim.com.tr\/index.php\/wp-json\/wp\/v2\/pages\/2758","targetHints":{"allow":["GET"]}}],"collection":[{"href":"https:\/\/ototrim.com.tr\/index.php\/wp-json\/wp\/v2\/pages"}],"about":[{"href":"https:\/\/ototrim.com.tr\/index.php\/wp-json\/wp\/v2\/types\/page"}],"author":[{"embeddable":true,"href":"https:\/\/ototrim.com.tr\/index.php\/wp-json\/wp\/v2\/users\/1"}],"replies":[{"embeddable":true,"href":"https:\/\/ototrim.com.tr\/index.php\/wp-json\/wp\/v2\/comments?post=2758"}],"version-history":[{"count":3,"href":"https:\/\/ototrim.com.tr\/index.php\/wp-json\/wp\/v2\/pages\/2758\/revisions"}],"predecessor-version":[{"id":2766,"href":"https:\/\/ototrim.com.tr\/index.php\/wp-json\/wp\/v2\/pages\/2758\/revisions\/2766"}],"wp:attachment":[{"href":"https:\/\/ototrim.com.tr\/index.php\/wp-json\/wp\/v2\/media?parent=2758"}],"curies":[{"name":"wp","href":"https:\/\/api.w.org\/{rel}","templated":true}]}}